{"id":11,"date":"2022-05-20T01:15:20","date_gmt":"2022-05-19T23:15:20","guid":{"rendered":"https:\/\/host1.edge.dev\/?post_type=product&#038;p=11"},"modified":"2025-10-29T14:19:08","modified_gmt":"2025-10-29T13:19:08","slug":"lean-leadership","status":"publish","type":"product","link":"https:\/\/leanpassion.pl\/sklep\/produkt\/lean-leadership\/","title":{"rendered":"Lean Leadership"},"content":{"rendered":"","protected":false},"excerpt":{"rendered":"<p>Sta\u0144 si\u0119 liderem, kt\u00f3ry \u015bwiadomie podnosi zaanga\u017cowanie i efektywno\u015b\u0107 zespo\u0142u. Zdob\u0105d\u017a renomowany certyfikat i dost\u0119p do Leadership Guide Book pe\u0142nego technik i narz\u0119dzi praktycznego przyw\u00f3dztwa i zarz\u0105dzania.<\/p>\n","protected":false},"featured_media":229,"comment_status":"open","ping_status":"closed","template":"","meta":{"_acf_changed":false},"product_brand":[],"product_cat":[15],"product_tag":[],"class_list":{"0":"post-11","1":"product","2":"type-product","3":"status-publish","4":"has-post-thumbnail","6":"product_cat-bez-kategorii","8":"first","9":"instock","10":"virtual","11":"taxable","12":"purchasable","13":"product-type-simple"},"acf":[],"yoast_head":"<!-- This site is optimized with the Yoast SEO plugin v24.5 - https:\/\/yoast.com\/wordpress\/plugins\/seo\/ -->\n<title>Lean Leadership - Sklep Leanpassion<\/title>\n<meta name=\"robots\" content=\"index, follow, max-snippet:-1, max-image-preview:large, max-video-preview:-1\" \/>\n<link rel=\"canonical\" href=\"https:\/\/leanpassion.pl\/sklep\/produkt\/lean-leadership\/\" \/>\n<meta property=\"og:locale\" content=\"pl_PL\" \/>\n<meta property=\"og:type\" content=\"article\" \/>\n<meta property=\"og:title\" content=\"Lean Leadership - Sklep Leanpassion\" \/>\n<meta property=\"og:description\" content=\"Sta\u0144 si\u0119 liderem, kt\u00f3ry \u015bwiadomie podnosi zaanga\u017cowanie i efektywno\u015b\u0107 zespo\u0142u. Zdob\u0105d\u017a renomowany certyfikat i dost\u0119p do Leadership Guide Book pe\u0142nego technik i narz\u0119dzi praktycznego przyw\u00f3dztwa i zarz\u0105dzania.\" \/>\n<meta property=\"og:url\" content=\"https:\/\/leanpassion.pl\/sklep\/produkt\/lean-leadership\/\" \/>\n<meta property=\"og:site_name\" content=\"Sklep Leanpassion\" \/>\n<meta property=\"article:modified_time\" content=\"2025-10-29T13:19:08+00:00\" \/>\n<meta property=\"og:image\" content=\"https:\/\/leanpassion.pl\/sklep\/wp-content\/uploads\/2022\/05\/sklep-cover-leadership-grafika-sklep.jpg\" \/>\n\t<meta property=\"og:image:width\" content=\"1290\" \/>\n\t<meta property=\"og:image:height\" content=\"825\" \/>\n\t<meta property=\"og:image:type\" content=\"image\/jpeg\" \/>\n<meta name=\"twitter:card\" content=\"summary_large_image\" \/>\n<meta name=\"twitter:label1\" content=\"Szacowany czas czytania\" \/>\n\t<meta name=\"twitter:data1\" content=\"1 minuta\" \/>\n<script type=\"application\/ld+json\" class=\"yoast-schema-graph\">{\"@context\":\"https:\/\/schema.org\",\"@graph\":[{\"@type\":\"WebPage\",\"@id\":\"https:\/\/leanpassion.pl\/sklep\/produkt\/lean-leadership\/\",\"url\":\"https:\/\/leanpassion.pl\/sklep\/produkt\/lean-leadership\/\",\"name\":\"Lean Leadership - Sklep Leanpassion\",\"isPartOf\":{\"@id\":\"https:\/\/leanpassion.pl\/sklep\/#website\"},\"primaryImageOfPage\":{\"@id\":\"https:\/\/leanpassion.pl\/sklep\/produkt\/lean-leadership\/#primaryimage\"},\"image\":{\"@id\":\"https:\/\/leanpassion.pl\/sklep\/produkt\/lean-leadership\/#primaryimage\"},\"thumbnailUrl\":\"https:\/\/leanpassion.pl\/sklep\/wp-content\/uploads\/2022\/05\/sklep-cover-leadership-grafika-sklep.jpg\",\"datePublished\":\"2022-05-19T23:15:20+00:00\",\"dateModified\":\"2025-10-29T13:19:08+00:00\",\"breadcrumb\":{\"@id\":\"https:\/\/leanpassion.pl\/sklep\/produkt\/lean-leadership\/#breadcrumb\"},\"inLanguage\":\"pl-PL\",\"potentialAction\":[{\"@type\":\"ReadAction\",\"target\":[\"https:\/\/leanpassion.pl\/sklep\/produkt\/lean-leadership\/\"]}]},{\"@type\":\"ImageObject\",\"inLanguage\":\"pl-PL\",\"@id\":\"https:\/\/leanpassion.pl\/sklep\/produkt\/lean-leadership\/#primaryimage\",\"url\":\"https:\/\/leanpassion.pl\/sklep\/wp-content\/uploads\/2022\/05\/sklep-cover-leadership-grafika-sklep.jpg\",\"contentUrl\":\"https:\/\/leanpassion.pl\/sklep\/wp-content\/uploads\/2022\/05\/sklep-cover-leadership-grafika-sklep.jpg\",\"width\":1290,\"height\":825,\"caption\":\"sklep-cover-leadership-grafika-sklep\"},{\"@type\":\"BreadcrumbList\",\"@id\":\"https:\/\/leanpassion.pl\/sklep\/produkt\/lean-leadership\/#breadcrumb\",\"itemListElement\":[{\"@type\":\"ListItem\",\"position\":1,\"name\":\"Strona g\u0142\u00f3wna\",\"item\":\"https:\/\/leanpassion.pl\/sklep\/\"},{\"@type\":\"ListItem\",\"position\":2,\"name\":\"Produkty\",\"item\":\"https:\/\/leanpassion.pl\/sklep\/shop\/\"},{\"@type\":\"ListItem\",\"position\":3,\"name\":\"Lean Leadership\"}]},{\"@type\":\"WebSite\",\"@id\":\"https:\/\/leanpassion.pl\/sklep\/#website\",\"url\":\"https:\/\/leanpassion.pl\/sklep\/\",\"name\":\"Sklep Leanpassion\",\"description\":\"\",\"potentialAction\":[{\"@type\":\"SearchAction\",\"target\":{\"@type\":\"EntryPoint\",\"urlTemplate\":\"https:\/\/leanpassion.pl\/sklep\/?s={search_term_string}\"},\"query-input\":{\"@type\":\"PropertyValueSpecification\",\"valueRequired\":true,\"valueName\":\"search_term_string\"}}],\"inLanguage\":\"pl-PL\"}]}<\/script>\n<!-- \/ Yoast SEO plugin. -->","yoast_head_json":{"title":"Lean Leadership - Sklep Leanpassion","robots":{"index":"index","follow":"follow","max-snippet":"max-snippet:-1","max-image-preview":"max-image-preview:large","max-video-preview":"max-video-preview:-1"},"canonical":"https:\/\/leanpassion.pl\/sklep\/produkt\/lean-leadership\/","og_locale":"pl_PL","og_type":"article","og_title":"Lean Leadership - Sklep Leanpassion","og_description":"Sta\u0144 si\u0119 liderem, kt\u00f3ry \u015bwiadomie podnosi zaanga\u017cowanie i efektywno\u015b\u0107 zespo\u0142u. Zdob\u0105d\u017a renomowany certyfikat i dost\u0119p do Leadership Guide Book pe\u0142nego technik i narz\u0119dzi praktycznego przyw\u00f3dztwa i zarz\u0105dzania.","og_url":"https:\/\/leanpassion.pl\/sklep\/produkt\/lean-leadership\/","og_site_name":"Sklep Leanpassion","article_modified_time":"2025-10-29T13:19:08+00:00","og_image":[{"width":1290,"height":825,"url":"https:\/\/leanpassion.pl\/sklep\/wp-content\/uploads\/2022\/05\/sklep-cover-leadership-grafika-sklep.jpg","type":"image\/jpeg"}],"twitter_card":"summary_large_image","twitter_misc":{"Szacowany czas czytania":"1 minuta"},"schema":{"@context":"https:\/\/schema.org","@graph":[{"@type":"WebPage","@id":"https:\/\/leanpassion.pl\/sklep\/produkt\/lean-leadership\/","url":"https:\/\/leanpassion.pl\/sklep\/produkt\/lean-leadership\/","name":"Lean Leadership - Sklep Leanpassion","isPartOf":{"@id":"https:\/\/leanpassion.pl\/sklep\/#website"},"primaryImageOfPage":{"@id":"https:\/\/leanpassion.pl\/sklep\/produkt\/lean-leadership\/#primaryimage"},"image":{"@id":"https:\/\/leanpassion.pl\/sklep\/produkt\/lean-leadership\/#primaryimage"},"thumbnailUrl":"https:\/\/leanpassion.pl\/sklep\/wp-content\/uploads\/2022\/05\/sklep-cover-leadership-grafika-sklep.jpg","datePublished":"2022-05-19T23:15:20+00:00","dateModified":"2025-10-29T13:19:08+00:00","breadcrumb":{"@id":"https:\/\/leanpassion.pl\/sklep\/produkt\/lean-leadership\/#breadcrumb"},"inLanguage":"pl-PL","potentialAction":[{"@type":"ReadAction","target":["https:\/\/leanpassion.pl\/sklep\/produkt\/lean-leadership\/"]}]},{"@type":"ImageObject","inLanguage":"pl-PL","@id":"https:\/\/leanpassion.pl\/sklep\/produkt\/lean-leadership\/#primaryimage","url":"https:\/\/leanpassion.pl\/sklep\/wp-content\/uploads\/2022\/05\/sklep-cover-leadership-grafika-sklep.jpg","contentUrl":"https:\/\/leanpassion.pl\/sklep\/wp-content\/uploads\/2022\/05\/sklep-cover-leadership-grafika-sklep.jpg","width":1290,"height":825,"caption":"sklep-cover-leadership-grafika-sklep"},{"@type":"BreadcrumbList","@id":"https:\/\/leanpassion.pl\/sklep\/produkt\/lean-leadership\/#breadcrumb","itemListElement":[{"@type":"ListItem","position":1,"name":"Strona g\u0142\u00f3wna","item":"https:\/\/leanpassion.pl\/sklep\/"},{"@type":"ListItem","position":2,"name":"Produkty","item":"https:\/\/leanpassion.pl\/sklep\/shop\/"},{"@type":"ListItem","position":3,"name":"Lean Leadership"}]},{"@type":"WebSite","@id":"https:\/\/leanpassion.pl\/sklep\/#website","url":"https:\/\/leanpassion.pl\/sklep\/","name":"Sklep Leanpassion","description":"","potentialAction":[{"@type":"SearchAction","target":{"@type":"EntryPoint","urlTemplate":"https:\/\/leanpassion.pl\/sklep\/?s={search_term_string}"},"query-input":{"@type":"PropertyValueSpecification","valueRequired":true,"valueName":"search_term_string"}}],"inLanguage":"pl-PL"}]}},"_links":{"self":[{"href":"https:\/\/leanpassion.pl\/sklep\/wp-json\/wp\/v2\/product\/11","targetHints":{"allow":["GET"]}}],"collection":[{"href":"https:\/\/leanpassion.pl\/sklep\/wp-json\/wp\/v2\/product"}],"about":[{"href":"https:\/\/leanpassion.pl\/sklep\/wp-json\/wp\/v2\/types\/product"}],"replies":[{"embeddable":true,"href":"https:\/\/leanpassion.pl\/sklep\/wp-json\/wp\/v2\/comments?post=11"}],"wp:featuredmedia":[{"embeddable":true,"href":"https:\/\/leanpassion.pl\/sklep\/wp-json\/wp\/v2\/media\/229"}],"wp:attachment":[{"href":"https:\/\/leanpassion.pl\/sklep\/wp-json\/wp\/v2\/media?parent=11"}],"wp:term":[{"taxonomy":"product_brand","embeddable":true,"href":"https:\/\/leanpassion.pl\/sklep\/wp-json\/wp\/v2\/product_brand?post=11"},{"taxonomy":"product_cat","embeddable":true,"href":"https:\/\/leanpassion.pl\/sklep\/wp-json\/wp\/v2\/product_cat?post=11"},{"taxonomy":"product_tag","embeddable":true,"href":"https:\/\/leanpassion.pl\/sklep\/wp-json\/wp\/v2\/product_tag?post=11"}],"curies":[{"name":"wp","href":"https:\/\/api.w.org\/{rel}","templated":true}]}}